{"id":3113,"date":"2020-03-03T12:23:22","date_gmt":"2020-03-03T11:23:22","guid":{"rendered":"https:\/\/www.emodial.it\/video\/"},"modified":"2022-03-08T14:51:39","modified_gmt":"2022-03-08T13:51:39","slug":"video","status":"publish","type":"page","link":"https:\/\/www.emodial.it\/de\/video\/","title":{"rendered":"LEICHT ANZULEGENDE VERB\u00c4NDE UND PRODUKTE"},"content":{"rendered":"<p>[vc_row css_animation=&#8220;&#8220; row_type=&#8220;row&#8220; use_row_as_full_screen_section=&#8220;no&#8220; type=&#8220;full_width&#8220; angled_section=&#8220;no&#8220; text_align=&#8220;left&#8220; background_image_as_pattern=&#8220;without_pattern&#8220;][vc_column][vc_empty_space height=&#8220;50px&#8220;][vc_column_text]Jedes Produkt von Emodial wird entworfen und ausgearbeitet, um das Anlegen am Patienten zu erleichtern. Prim\u00e4re Verb\u00e4nde oder wasserdichte Produkte f\u00fcr das Baden oder Duschen, die sich leicht von Gesundheitspersonal oder Patienten bei der Heimtherapie anlegen lassen.<\/p>\n<p>Entdecken Sie mithilfe unseres Tutorials einige Empfehlungen f\u00fcr die korrekte Verwendung der Emodial Produkte.[\/vc_column_text][\/vc_column][\/vc_row][vc_row css_animation=&#8220;&#8220; row_type=&#8220;row&#8220; use_row_as_full_screen_section=&#8220;no&#8220; type=&#8220;full_width&#8220; angled_section=&#8220;no&#8220; text_align=&#8220;left&#8220; background_image_as_pattern=&#8220;without_pattern&#8220;][vc_column][vc_empty_space height=&#8220;50px&#8220;][\/vc_column][\/vc_row][vc_row css_animation=&#8220;&#8220; row_type=&#8220;row&#8220; use_row_as_full_screen_section=&#8220;no&#8220; type=&#8220;full_width&#8220; angled_section=&#8220;no&#8220; text_align=&#8220;left&#8220; background_image_as_pattern=&#8220;without_pattern&#8220;][vc_column width=&#8220;1\/2&#8243;]<div class=\"qode_video_box\">\r\n\t<a itemprop=\"image\" class=\"qode_video_image\" href=\"https:\/\/www.emodial.it\/wp-content\/uploads\/2020\/02\/Tasca-WP-Piscina-di-Jesi.mp4?iframe=true\" data-rel=\"prettyPhoto\">\r\n\t\t\t\r\n\t\t\t<img src=\"https:\/\/www.emodial.it\/wp-content\/uploads\/2020\/05\/preview_exit_wp_video.png\" \/>\r\n\t\t\t<span class=\"qode_video_box_button_holder\">\r\n\t\t\t\t<span class=\"qode_video_box_button\">\r\n\t\t\t\t\t<span class=\"qode_video_box_button_arrow\">\r\n\t\t\t\t\t<\/span>\r\n\t\t\t\t<\/span>\r\n\t\t\t<\/span>\r\n\t\t\t<\/a>\r\n<\/div>[vc_column_text]<strong>TASCA WP<\/strong><\/p>\n<p>[\/vc_column_text][vc_empty_space][\/vc_column][vc_column width=&#8220;1\/2&#8243;]<div class=\"qode_video_box\">\r\n\t<a itemprop=\"image\" class=\"qode_video_image\" href=\"https:\/\/www.emodial.it\/wp-content\/uploads\/2020\/02\/Sovan-ENG-HD.mp4?iframe=true\" data-rel=\"prettyPhoto\">\r\n\t\t\t\r\n\t\t\t<img src=\"https:\/\/www.emodial.it\/wp-content\/uploads\/2021\/07\/sovan_video.jpg\" \/>\r\n\t\t\t<span class=\"qode_video_box_button_holder\">\r\n\t\t\t\t<span class=\"qode_video_box_button\">\r\n\t\t\t\t\t<span class=\"qode_video_box_button_arrow\">\r\n\t\t\t\t\t<\/span>\r\n\t\t\t\t<\/span>\r\n\t\t\t<\/span>\r\n\t\t\t<\/a>\r\n<\/div>[vc_column_text]<strong>SOVAN<\/strong><\/p>\n<p>[\/vc_column_text][vc_empty_space][\/vc_column][\/vc_row][vc_row css_animation=&#8220;&#8220; row_type=&#8220;row&#8220; use_row_as_full_screen_section=&#8220;no&#8220; type=&#8220;full_width&#8220; angled_section=&#8220;no&#8220; text_align=&#8220;left&#8220; background_image_as_pattern=&#8220;without_pattern&#8220;][vc_column width=&#8220;1\/2&#8243;]<div class=\"qode_video_box\">\r\n\t<a itemprop=\"image\" class=\"qode_video_image\" href=\"https:\/\/www.emodial.it\/wp-content\/uploads\/2020\/02\/Betafix-ALG-ENG-HD.mp4?iframe=true\" data-rel=\"prettyPhoto\">\r\n\t\t\t\r\n\t\t\t<img src=\"https:\/\/www.emodial.it\/wp-content\/uploads\/2020\/05\/preview_betafix_alg_video.png\" \/>\r\n\t\t\t<span class=\"qode_video_box_button_holder\">\r\n\t\t\t\t<span class=\"qode_video_box_button\">\r\n\t\t\t\t\t<span class=\"qode_video_box_button_arrow\">\r\n\t\t\t\t\t<\/span>\r\n\t\t\t\t<\/span>\r\n\t\t\t<\/span>\r\n\t\t\t<\/a>\r\n<\/div>[vc_column_text]<strong>BETAFIX ALG<\/strong>[\/vc_column_text][vc_empty_space][\/vc_column][vc_column width=&#8220;1\/2&#8243;]<div class=\"qode_video_box\">\r\n\t<a itemprop=\"image\" class=\"qode_video_image\" href=\"https:\/\/www.emodial.it\/wp-content\/uploads\/2020\/02\/Betafix-ENG-HD.mp4?iframe=true\" data-rel=\"prettyPhoto\">\r\n\t\t\t\r\n\t\t\t<img src=\"https:\/\/www.emodial.it\/wp-content\/uploads\/2020\/05\/preview_betafix_video.png\" \/>\r\n\t\t\t<span class=\"qode_video_box_button_holder\">\r\n\t\t\t\t<span class=\"qode_video_box_button\">\r\n\t\t\t\t\t<span class=\"qode_video_box_button_arrow\">\r\n\t\t\t\t\t<\/span>\r\n\t\t\t\t<\/span>\r\n\t\t\t<\/span>\r\n\t\t\t<\/a>\r\n<\/div>[vc_column_text]<strong>BETAFIX<\/strong>[\/vc_column_text][vc_empty_space][\/vc_column][\/vc_row][vc_row css_animation=&#8220;&#8220; row_type=&#8220;row&#8220; use_row_as_full_screen_section=&#8220;no&#8220; type=&#8220;full_width&#8220; angled_section=&#8220;no&#8220; text_align=&#8220;left&#8220; background_image_as_pattern=&#8220;without_pattern&#8220;][vc_column width=&#8220;1\/2&#8243;]<div class=\"qode_video_box\">\r\n\t<a itemprop=\"image\" class=\"qode_video_image\" href=\"https:\/\/www.emodial.it\/wp-content\/uploads\/2020\/02\/Emostan-ENG-HD.mp4?iframe=true\" data-rel=\"prettyPhoto\">\r\n\t\t\t\r\n\t\t\t<img src=\"https:\/\/www.emodial.it\/wp-content\/uploads\/2020\/05\/preview_emostan_video.png\" \/>\r\n\t\t\t<span class=\"qode_video_box_button_holder\">\r\n\t\t\t\t<span class=\"qode_video_box_button\">\r\n\t\t\t\t\t<span class=\"qode_video_box_button_arrow\">\r\n\t\t\t\t\t<\/span>\r\n\t\t\t\t<\/span>\r\n\t\t\t<\/span>\r\n\t\t\t<\/a>\r\n<\/div>[vc_column_text]<strong>EMOSTAN<\/strong>[\/vc_column_text][vc_empty_space][\/vc_column][vc_column width=&#8220;1\/2&#8243;]<div class=\"qode_video_box\">\r\n\t<a itemprop=\"image\" class=\"qode_video_image\" href=\"https:\/\/www.emodial.it\/wp-content\/uploads\/2020\/03\/Exit-Pocket-WP_06.mp4?iframe=true\" data-rel=\"prettyPhoto\">\r\n\t\t\t\r\n\t\t\t<img src=\"https:\/\/www.emodial.it\/wp-content\/uploads\/2020\/05\/preview_exit_wp_quadro_video.png\" \/>\r\n\t\t\t<span class=\"qode_video_box_button_holder\">\r\n\t\t\t\t<span class=\"qode_video_box_button\">\r\n\t\t\t\t\t<span class=\"qode_video_box_button_arrow\">\r\n\t\t\t\t\t<\/span>\r\n\t\t\t\t<\/span>\r\n\t\t\t<\/span>\r\n\t\t\t<\/a>\r\n<\/div>[vc_column_text]<strong>EXIT POCKET WP<\/strong>[\/vc_column_text][vc_empty_space][\/vc_column][\/vc_row][vc_row css_animation=&#8220;&#8220; row_type=&#8220;row&#8220; use_row_as_full_screen_section=&#8220;no&#8220; type=&#8220;full_width&#8220; angled_section=&#8220;no&#8220; text_align=&#8220;left&#8220; background_image_as_pattern=&#8220;without_pattern&#8220;][vc_column width=&#8220;1\/2&#8243;]<div class=\"qode_video_box\">\r\n\t<a itemprop=\"image\" class=\"qode_video_image\" href=\"https:\/\/www.emodial.it\/wp-content\/uploads\/2020\/05\/exit_pocket_ag.mp4?iframe=true\" data-rel=\"prettyPhoto\">\r\n\t\t\t\r\n\t\t\t<img src=\"https:\/\/www.emodial.it\/wp-content\/uploads\/2020\/05\/preview_exit_pocket_video.png\" \/>\r\n\t\t\t<span class=\"qode_video_box_button_holder\">\r\n\t\t\t\t<span class=\"qode_video_box_button\">\r\n\t\t\t\t\t<span class=\"qode_video_box_button_arrow\">\r\n\t\t\t\t\t<\/span>\r\n\t\t\t\t<\/span>\r\n\t\t\t<\/span>\r\n\t\t\t<\/a>\r\n<\/div>[vc_column_text]<strong>EXIT POCKET AG<\/strong>[\/vc_column_text][vc_empty_space][\/vc_column][vc_column width=&#8220;1\/2&#8243;]<div class=\"qode_video_box\">\r\n\t<a itemprop=\"image\" class=\"qode_video_image\" href=\"https:\/\/www.emodial.it\/wp-content\/uploads\/2020\/09\/EMODIAL_Video_EXIT-PRO-AG_v10.mp4?iframe=true\" data-rel=\"prettyPhoto\">\r\n\t\t\t\r\n\t\t\t<img src=\"https:\/\/www.emodial.it\/wp-content\/uploads\/2020\/08\/preview_exit_PRO_video.png\" \/>\r\n\t\t\t<span class=\"qode_video_box_button_holder\">\r\n\t\t\t\t<span class=\"qode_video_box_button\">\r\n\t\t\t\t\t<span class=\"qode_video_box_button_arrow\">\r\n\t\t\t\t\t<\/span>\r\n\t\t\t\t<\/span>\r\n\t\t\t<\/span>\r\n\t\t\t<\/a>\r\n<\/div>[vc_column_text]<strong>EXIT-PRO AG SOFTTOUCH<\/strong>[\/vc_column_text][vc_empty_space][\/vc_column][\/vc_row]<\/p>\n","protected":false},"excerpt":{"rendered":"<p>[vc_row css_animation=&#8220;&#8220; row_type=&#8220;row&#8220; use_row_as_full_screen_section=&#8220;no&#8220; type=&#8220;full_width&#8220; angled_section=&#8220;no&#8220; text_align=&#8220;left&#8220; background_image_as_pattern=&#8220;without_pattern&#8220;][vc_column][vc_empty_space height=&#8220;50px&#8220;][vc_column_text]Jedes Produkt von Emodial wird entworfen und ausgearbeitet, um das Anlegen am Patienten zu erleichtern. Prim\u00e4re Verb\u00e4nde oder wasserdichte Produkte f\u00fcr das Baden oder Duschen, die sich leicht von Gesundheitspersonal oder Patienten bei der Heimtherapie anlegen lassen. Entdecken Sie mithilfe unseres Tutorials einige Empfehlungen f\u00fcr die korrekte Verwendung der Emodial Produkte.[\/vc_column_text][\/vc_column][\/vc_row][vc_row css_animation=&#8220;&#8220; row_type=&#8220;row&#8220; use_row_as_full_screen_section=&#8220;no&#8220; type=&#8220;full_width&#8220; angled_section=&#8220;no&#8220; text_align=&#8220;left&#8220; background_image_as_pattern=&#8220;without_pattern&#8220;][vc_column][vc_empty_space height=&#8220;50px&#8220;][\/vc_column][\/vc_row][vc_row css_animation=&#8220;&#8220; row_type=&#8220;row&#8220; use_row_as_full_screen_section=&#8220;no&#8220; type=&#8220;full_width&#8220; angled_section=&#8220;no&#8220; text_align=&#8220;left&#8220; background_image_as_pattern=&#8220;without_pattern&#8220;][vc_column width=&#8220;1\/2&#8243;][vc_column_text]TASCA WP [\/vc_column_text][vc_empty_space][\/vc_column][vc_column width=&#8220;1\/2&#8243;][vc_column_text]SOVAN [\/vc_column_text][vc_empty_space][\/vc_column][\/vc_row][vc_row css_animation=&#8220;&#8220; row_type=&#8220;row&#8220; use_row_as_full_screen_section=&#8220;no&#8220; type=&#8220;full_width&#8220; angled_section=&#8220;no&#8220; text_align=&#8220;left&#8220; background_image_as_pattern=&#8220;without_pattern&#8220;][vc_column width=&#8220;1\/2&#8243;][vc_column_text]BETAFIX ALG[\/vc_column_text][vc_empty_space][\/vc_column][vc_column width=&#8220;1\/2&#8243;][vc_column_text]BETAFIX[\/vc_column_text][vc_empty_space][\/vc_column][\/vc_row][vc_row css_animation=&#8220;&#8220; row_type=&#8220;row&#8220; use_row_as_full_screen_section=&#8220;no&#8220; type=&#8220;full_width&#8220; angled_section=&#8220;no&#8220; text_align=&#8220;left&#8220; background_image_as_pattern=&#8220;without_pattern&#8220;][vc_column width=&#8220;1\/2&#8243;][vc_column_text]EMOSTAN[\/vc_column_text][vc_empty_space][\/vc_column][vc_column width=&#8220;1\/2&#8243;][vc_column_text]EXIT POCKET WP[\/vc_column_text][vc_empty_space][\/vc_column][\/vc_row][vc_row&#8230;<\/p>\n","protected":false},"author":2,"featured_media":0,"parent":0,"menu_order":0,"comment_status":"closed","ping_status":"closed","template":"","meta":{"inline_featured_image":false},"aioseo_notices":[],"_links":{"self":[{"href":"https:\/\/www.emodial.it\/de\/wp-json\/wp\/v2\/pages\/3113"}],"collection":[{"href":"https:\/\/www.emodial.it\/de\/wp-json\/wp\/v2\/pages"}],"about":[{"href":"https:\/\/www.emodial.it\/de\/wp-json\/wp\/v2\/types\/page"}],"author":[{"embeddable":true,"href":"https:\/\/www.emodial.it\/de\/wp-json\/wp\/v2\/users\/2"}],"replies":[{"embeddable":true,"href":"https:\/\/www.emodial.it\/de\/wp-json\/wp\/v2\/comments?post=3113"}],"version-history":[{"count":5,"href":"https:\/\/www.emodial.it\/de\/wp-json\/wp\/v2\/pages\/3113\/revisions"}],"predecessor-version":[{"id":3225,"href":"https:\/\/www.emodial.it\/de\/wp-json\/wp\/v2\/pages\/3113\/revisions\/3225"}],"wp:attachment":[{"href":"https:\/\/www.emodial.it\/de\/wp-json\/wp\/v2\/media?parent=3113"}],"curies":[{"name":"wp","href":"https:\/\/api.w.org\/{rel}","templated":true}]}}