{"id":2960,"date":"2018-10-11T10:36:57","date_gmt":"2018-10-11T08:36:57","guid":{"rendered":"https:\/\/www.emodial.it\/kit-cvc-fav\/"},"modified":"2021-12-17T11:27:04","modified_gmt":"2021-12-17T10:27:04","slug":"kit-cvc-fav","status":"publish","type":"page","link":"https:\/\/www.emodial.it\/de\/kit-cvc-fav\/","title":{"rendered":"KIT PROCEDURALI"},"content":{"rendered":"<p>[vc_row css_animation=&#8220;&#8220; row_type=&#8220;row&#8220; use_row_as_full_screen_section=&#8220;no&#8220; type=&#8220;full_width&#8220; angled_section=&#8220;no&#8220; text_align=&#8220;left&#8220; background_image_as_pattern=&#8220;without_pattern&#8220;][vc_column][vc_separator type=&#8220;normal&#8220; color=&#8220;#cb0914&#8243; thickness=&#8220;4&#8243; up=&#8220;0&#8243;][layerslider_vc id=&#8220;70&#8243;][\/vc_column][\/vc_row][vc_row css_animation=&#8220;&#8220; row_type=&#8220;row&#8220; use_row_as_full_screen_section=&#8220;no&#8220; type=&#8220;grid&#8220; angled_section=&#8220;no&#8220; text_align=&#8220;left&#8220; background_image_as_pattern=&#8220;without_pattern&#8220; padding_top=&#8220;40&#8243; padding_bottom=&#8220;40&#8243; z_index=&#8220;&#8220;][vc_column][vc_column_text]<\/p>\n<h1>VERFAHRENSKITS F\u00dcR ZVK UND AVF<\/h1>\n<p>&nbsp;<\/p>\n<p>Das Management von Patienten mit vaskul\u00e4rem Zugang stellt die Krankenh\u00e4user vor eine schwierige Herausforderung: Sie m\u00fcssen die Ausgaben f\u00fcr das Gesundheitswesen eind\u00e4mmen und gleichzeitig ein hohes Ma\u00df an Effizienz und Qualit\u00e4t der Versorgung aufrechterhalten, wobei sie h\u00e4ufig auch mit Zeitdruck und Personalmangel zu k\u00e4mpfen haben.<\/p>\n<p>Eine der L\u00f6sungen, die Krankenh\u00e4user in den letzten Jahren eingef\u00fchrt haben, um diese schwierige Herausforderung zu meistern, ist die Verwendung von Einweg-Verfahrenskits f\u00fcr den Beginn und das Ende der Behandlung.<\/p>\n<p>Dank einer sorgf\u00e4ltigen Analyse der Medikamentenprotokolle entwirft Emodial ma\u00dfgeschneiderte Behandlungssets je nach Art der Therapie (H\u00e4modialyse, Peritonealdialyse, Blasenkatheterisierung, Chemotherapie, parenterale Ern\u00e4hrung) und entwickelt komplette und integrierte L\u00f6sungen f\u00fcr das Behandlungsmanagement.<\/p>\n<p>Die Zusammenstellung eines Verfahrenskits mit sterilen Einwegverb\u00e4nden erfolgt direkt auf der Station, wo die Emodial-Berater alle Informationen \u00fcber das angewandte Verbandsprotokoll, die Art des Gef\u00e4\u00dfzugangs und die h\u00e4ufigsten Probleme sammeln und manchmal verbesserte, zus\u00e4tzliche oder differenzierte L\u00f6sungen f\u00fcr Patienten mit besonderen klinischen Bedingungen vorschlagen.<\/p>\n<p>Die Verfahrenskits von Emodial schaffen, wie ihr Name schon besagt, ein einheitliches Verbands-Verfahren, und das ist ihr eigentlicher Wert.<\/p>\n<p>6 gute Gr\u00fcnde f\u00fcr die Wahl der Verfahrenskits von Emodial<\/p>\n<ol>\n<li>Sie standardisieren die Verfahren und Verbandgr\u00f6\u00dfen und beseitigen somit die Fehlermarge<\/li>\n<li>Sie reduzieren die Pflegezeit und den Platzbedarf, indem sie das Behandlungsmanagement vereinfachen<\/li>\n<li>Sie senken Kosten im Gesundheitswesen, da sie nur das tats\u00e4chlich ben\u00f6tigte sterile Material enthalten<\/li>\n<li>Sie garantieren f\u00fcr die Sicherheit des medizinischen Personals und des Patienten wegen der hohen Qualit\u00e4t der Materialien und der spezifischen Schutzkomponenten<\/li>\n<li>Sie erm\u00f6glichen dem Krankenhaus Flexibilit\u00e4t und Anpassungsf\u00e4higkeit sowie die R\u00fcckverfolgbarkeit des Materials und die Ermittlung der Verfahrenskosten<\/li>\n<li>Sie erleichtern die Abfallentsorgung, weil die Komponenten nicht einzeln, sondern in einem einzigen Blister verpackt sind.<\/li>\n<\/ol>\n<p>[\/vc_column_text][\/vc_column][\/vc_row][vc_row css_animation=&#8220;&#8220; row_type=&#8220;row&#8220; use_row_as_full_screen_section=&#8220;no&#8220; type=&#8220;grid&#8220; angled_section=&#8220;no&#8220; text_align=&#8220;left&#8220; background_image_as_pattern=&#8220;without_pattern&#8220; padding_top=&#8220;40&#8243; z_index=&#8220;&#8220;][vc_column][vc_column_text]<\/p>\n<h1>N\u00dcTZLICHE ARTIKEL<\/h1>\n<p>[\/vc_column_text]<div class='latest_post_holder boxes four_columns one_row' >\n    <ul>\n    \n        <li class=\"clearfix\">\n            <div class=\"boxes_image\">\n                <a itemprop=\"url\" href=\"https:\/\/www.emodial.it\/de\/le-principali-linee-guida-per-la-gestione-delle-emergenze-legate-alla-fistola\/\"><img width=\"539\" height=\"303\" src=\"https:\/\/www.emodial.it\/wp-content\/uploads\/2018\/10\/Blausen_0049_ArteriovenousFistula-539x303.png\" class=\"attachment-latest_post_boxes size-latest_post_boxes wp-post-image\" alt=\"\" loading=\"lazy\" \/><\/a>\n            <\/div>\n            <div class=\"latest_post\"  >\n                <div class=\"latest_post_text\">\n                    <div class=\"latest_post_inner\">\n                        <div class=\"latest_post_text_inner\">\n                            <h5 itemprop=\"name\" class=\"latest_post_title entry_title\"><a itemprop=\"url\" href=\"https:\/\/www.emodial.it\/de\/le-principali-linee-guida-per-la-gestione-delle-emergenze-legate-alla-fistola\/\">Die wichtigsten Leitlinien f\u00fcr das Management fistelassoziierter Notf\u00e4lle<\/a><\/h5>\n                            <p itemprop=\"description\" class=\"excerpt\">Von Dr. Marisa Pegoraro, Fachkrankenschwester f\u00fcr H\u00e4modialyse im Krankenhaus Niguarda Ca&#8216; Gran...<\/p>\n                            <span class=\"post_infos\">\n                                                                                                \n                                \n                                                            <\/span>\n\t\t\t\t\t\t<a itemprop=\"url\" class=\"button_latest-posts\" href=\"https:\/\/www.emodial.it\/de\/le-principali-linee-guida-per-la-gestione-delle-emergenze-legate-alla-fistola\/\">Weiterlesen<\/a>\n\t\t\t\t\t\t\n                        <\/div>\n                    <\/div>\n                <\/div>\n            <\/div>\n        <\/li>\n    \n        <li class=\"clearfix\">\n            <div class=\"boxes_image\">\n                <a itemprop=\"url\" href=\"https:\/\/www.emodial.it\/de\/cura-della-fistola\/\"><img width=\"539\" height=\"303\" src=\"https:\/\/www.emodial.it\/wp-content\/uploads\/2018\/10\/Betafix-Img1206-539x303.jpg\" class=\"attachment-latest_post_boxes size-latest_post_boxes wp-post-image\" alt=\"\" loading=\"lazy\" \/><\/a>\n            <\/div>\n            <div class=\"latest_post\"  >\n                <div class=\"latest_post_text\">\n                    <div class=\"latest_post_inner\">\n                        <div class=\"latest_post_text_inner\">\n                            <h5 itemprop=\"name\" class=\"latest_post_title entry_title\"><a itemprop=\"url\" href=\"https:\/\/www.emodial.it\/de\/cura-della-fistola\/\">WIE MAN EINEN FISTEL LANGE EINSATZBEREIT ERH\u00c4LT<\/a><\/h5>\n                            <p itemprop=\"description\" class=\"excerpt\">Von Dr. Marisa Pegoraro, Fachkrankenschwester f\u00fcr H\u00e4modialyse im Krankenhaus Niguarda Ca&#8216; Gran...<\/p>\n                            <span class=\"post_infos\">\n                                                                                                \n                                \n                                                            <\/span>\n\t\t\t\t\t\t<a itemprop=\"url\" class=\"button_latest-posts\" href=\"https:\/\/www.emodial.it\/de\/cura-della-fistola\/\">Weiterlesen<\/a>\n\t\t\t\t\t\t\n                        <\/div>\n                    <\/div>\n                <\/div>\n            <\/div>\n        <\/li>\n    \n        <li class=\"clearfix\">\n            <div class=\"boxes_image\">\n                <a itemprop=\"url\" href=\"https:\/\/www.emodial.it\/de\/accesso-vascolare-venoso-infezioni\/\"><img width=\"399\" height=\"303\" src=\"https:\/\/www.emodial.it\/wp-content\/uploads\/2018\/10\/cv-e1617354506777-399x303.jpg\" class=\"attachment-latest_post_boxes size-latest_post_boxes wp-post-image\" alt=\"\" loading=\"lazy\" \/><\/a>\n            <\/div>\n            <div class=\"latest_post\"  >\n                <div class=\"latest_post_text\">\n                    <div class=\"latest_post_inner\">\n                        <div class=\"latest_post_text_inner\">\n                            <h5 itemprop=\"name\" class=\"latest_post_title entry_title\"><a itemprop=\"url\" href=\"https:\/\/www.emodial.it\/de\/accesso-vascolare-venoso-infezioni\/\">WANN MUSS EIN VEN\u00d6SER GEF\u00c4SSZUGANG BENUTZT WERDEN?<\/a><\/h5>\n                            <p itemprop=\"description\" class=\"excerpt\">Herausgegeben von Dr. Maurizio Alberto Gallieni, au\u00dferordentlicher Professor f\u00fcr Nephrologie an der ...<\/p>\n                            <span class=\"post_infos\">\n                                                                                                \n                                \n                                                            <\/span>\n\t\t\t\t\t\t<a itemprop=\"url\" class=\"button_latest-posts\" href=\"https:\/\/www.emodial.it\/de\/accesso-vascolare-venoso-infezioni\/\">Weiterlesen<\/a>\n\t\t\t\t\t\t\n                        <\/div>\n                    <\/div>\n                <\/div>\n            <\/div>\n        <\/li>\n    \n        <li class=\"clearfix\">\n            <div class=\"boxes_image\">\n                <a itemprop=\"url\" href=\"https:\/\/www.emodial.it\/de\/infezioni-ospedaliere\/\"><img width=\"539\" height=\"303\" src=\"https:\/\/www.emodial.it\/wp-content\/uploads\/2018\/10\/Contributo-Gallieni-Emodial-539x303.png\" class=\"attachment-latest_post_boxes size-latest_post_boxes wp-post-image\" alt=\"\" loading=\"lazy\" \/><\/a>\n            <\/div>\n            <div class=\"latest_post\"  >\n                <div class=\"latest_post_text\">\n                    <div class=\"latest_post_inner\">\n                        <div class=\"latest_post_text_inner\">\n                            <h5 itemprop=\"name\" class=\"latest_post_title entry_title\"><a itemprop=\"url\" href=\"https:\/\/www.emodial.it\/de\/infezioni-ospedaliere\/\">Krankenhausinfektionen: die Auswirkungen auf die Gesundheitseinrichtung<\/a><\/h5>\n                            <p itemprop=\"description\" class=\"excerpt\">Herausgegeben von Dr. Maurizio Alberto Gallieni, au\u00dferordentlicher Professor f\u00fcr Nephrologie an der ...<\/p>\n                            <span class=\"post_infos\">\n                                                                                                \n                                \n                                                            <\/span>\n\t\t\t\t\t\t<a itemprop=\"url\" class=\"button_latest-posts\" href=\"https:\/\/www.emodial.it\/de\/infezioni-ospedaliere\/\">Weiterlesen<\/a>\n\t\t\t\t\t\t\n                        <\/div>\n                    <\/div>\n                <\/div>\n            <\/div>\n        <\/li>\n        <\/ul>\n<\/div>[vc_empty_space][\/vc_column][\/vc_row][vc_row css_animation=&#8220;&#8220; row_type=&#8220;row&#8220; use_row_as_full_screen_section=&#8220;no&#8220; type=&#8220;full_width&#8220; angled_section=&#8220;no&#8220; text_align=&#8220;left&#8220; background_image_as_pattern=&#8220;without_pattern&#8220; el_id=&#8220;contacts_banner&#8220; css=&#8220;.vc_custom_1579618365062{background-position: center !important;background-repeat: no-repeat !important;background-size: cover !important;}&#8220; z_index=&#8220;&#8220;][vc_column][vc_single_image image=&#8220;3073&#8243; img_size=&#8220;full&#8220; onclick=&#8220;custom_link&#8220; qode_css_animation=&#8220;&#8220; link=&#8220;https:\/\/www.emodial.it\/contatti\/&#8220;][\/vc_column][\/vc_row][vc_row css_animation=&#8220;&#8220; row_type=&#8220;row&#8220; use_row_as_full_screen_section=&#8220;no&#8220; type=&#8220;full_width&#8220; angled_section=&#8220;no&#8220; text_align=&#8220;left&#8220; background_image_as_pattern=&#8220;without_pattern&#8220;][vc_column][vc_empty_space][\/vc_column][\/vc_row]<\/p>\n","protected":false},"excerpt":{"rendered":"<p>[vc_row css_animation=&#8220;&#8220; row_type=&#8220;row&#8220; use_row_as_full_screen_section=&#8220;no&#8220; type=&#8220;full_width&#8220; angled_section=&#8220;no&#8220; text_align=&#8220;left&#8220; background_image_as_pattern=&#8220;without_pattern&#8220;][vc_column][vc_separator type=&#8220;normal&#8220; color=&#8220;#cb0914&#8243; thickness=&#8220;4&#8243; up=&#8220;0&#8243;][layerslider_vc id=&#8220;70&#8243;][\/vc_column][\/vc_row][vc_row css_animation=&#8220;&#8220; row_type=&#8220;row&#8220; use_row_as_full_screen_section=&#8220;no&#8220; type=&#8220;grid&#8220; angled_section=&#8220;no&#8220; text_align=&#8220;left&#8220; background_image_as_pattern=&#8220;without_pattern&#8220; padding_top=&#8220;40&#8243; padding_bottom=&#8220;40&#8243; z_index=&#8220;&#8220;][vc_column][vc_column_text] VERFAHRENSKITS F\u00dcR ZVK UND AVF &nbsp; Das Management von Patienten mit vaskul\u00e4rem Zugang stellt die Krankenh\u00e4user vor eine schwierige Herausforderung: Sie m\u00fcssen die Ausgaben f\u00fcr das Gesundheitswesen eind\u00e4mmen und gleichzeitig ein hohes Ma\u00df an Effizienz und Qualit\u00e4t der Versorgung aufrechterhalten, wobei sie h\u00e4ufig auch mit Zeitdruck und Personalmangel zu k\u00e4mpfen haben. Eine der L\u00f6sungen, die Krankenh\u00e4user in den letzten Jahren eingef\u00fchrt haben, um diese schwierige Herausforderung zu meistern, ist die Verwendung von Einweg-Verfahrenskits f\u00fcr den Beginn und&#8230;<\/p>\n","protected":false},"author":2,"featured_media":0,"parent":0,"menu_order":0,"comment_status":"closed","ping_status":"closed","template":"","meta":{"inline_featured_image":false},"aioseo_notices":[],"_links":{"self":[{"href":"https:\/\/www.emodial.it\/de\/wp-json\/wp\/v2\/pages\/2960"}],"collection":[{"href":"https:\/\/www.emodial.it\/de\/wp-json\/wp\/v2\/pages"}],"about":[{"href":"https:\/\/www.emodial.it\/de\/wp-json\/wp\/v2\/types\/page"}],"author":[{"embeddable":true,"href":"https:\/\/www.emodial.it\/de\/wp-json\/wp\/v2\/users\/2"}],"replies":[{"embeddable":true,"href":"https:\/\/www.emodial.it\/de\/wp-json\/wp\/v2\/comments?post=2960"}],"version-history":[{"count":4,"href":"https:\/\/www.emodial.it\/de\/wp-json\/wp\/v2\/pages\/2960\/revisions"}],"predecessor-version":[{"id":3197,"href":"https:\/\/www.emodial.it\/de\/wp-json\/wp\/v2\/pages\/2960\/revisions\/3197"}],"wp:attachment":[{"href":"https:\/\/www.emodial.it\/de\/wp-json\/wp\/v2\/media?parent=2960"}],"curies":[{"name":"wp","href":"https:\/\/api.w.org\/{rel}","templated":true}]}}