{"id":2891,"date":"2018-11-02T12:10:15","date_gmt":"2018-11-02T11:10:15","guid":{"rendered":"https:\/\/www.emodial.it\/chi-siamo\/"},"modified":"2021-11-25T15:57:13","modified_gmt":"2021-11-25T14:57:13","slug":"chi-siamo","status":"publish","type":"page","link":"https:\/\/www.emodial.it\/de\/chi-siamo\/","title":{"rendered":"Chi siamo"},"content":{"rendered":"<p>[vc_row css_animation=&#8220;&#8220; row_type=&#8220;row&#8220; use_row_as_full_screen_section=&#8220;no&#8220; type=&#8220;full_width&#8220; angled_section=&#8220;no&#8220; text_align=&#8220;left&#8220; background_image_as_pattern=&#8220;without_pattern&#8220;][vc_column][vc_separator type=&#8220;normal&#8220; color=&#8220;#cb0914&#8243; thickness=&#8220;4&#8243; up=&#8220;0&#8243;][\/vc_column][\/vc_row][vc_row css_animation=&#8220;&#8220; row_type=&#8220;row&#8220; use_row_as_full_screen_section=&#8220;no&#8220; type=&#8220;grid&#8220; angled_section=&#8220;no&#8220; text_align=&#8220;left&#8220; background_image_as_pattern=&#8220;without_pattern&#8220; padding_top=&#8220;40&#8243; padding_bottom=&#8220;40&#8243; z_index=&#8220;&#8220;][vc_column][vc_column_text]<\/p>\n<h1>\u00dcBER UNS<\/h1>\n<p>&nbsp;<\/p>\n<p>Wir, EMODIAL SARL, sind ein internationales, wachsendes Unternehmen mit einem konkreten Ziel: Ein kollaboratives Modell des Gesundheitswesens f\u00fcr eine h\u00f6here Wertsch\u00f6pfung, Kosten- und Managementeffizienz aufzubauen, um die Arbeits- und Lebensqualit\u00e4t f\u00fcr uns alle zu verbessern.[\/vc_column_text][\/vc_column][\/vc_row][vc_row css_animation=&#8220;&#8220; row_type=&#8220;row&#8220; use_row_as_full_screen_section=&#8220;no&#8220; type=&#8220;full_width&#8220; angled_section=&#8220;no&#8220; text_align=&#8220;left&#8220; background_image_as_pattern=&#8220;without_pattern&#8220;][vc_column width=&#8220;1\/2&#8243;][vc_single_image image=&#8220;2262&#8243; img_size=&#8220;large&#8220; qode_css_animation=&#8220;&#8220;][\/vc_column][vc_column width=&#8220;1\/2&#8243;][vc_column_text]<\/p>\n<h3>DIE DINGE MIT DEN AUGEN DER PATIENTEN SEHEN<br \/>\nIHRE GESCHICHTEN ANH\u00d6REN<br \/>\nIHRE GEF\u00dcHLE ERLEBEN<\/h3>\n<p>[\/vc_column_text][vc_empty_space height=&#8220;15px&#8220;][vc_column_text]Unser Ausgangspunkt ist die unmittelbare Erfahrung der Patienten, die dialysiert werden oder sich einer Behandlung mit einem Gef\u00e4\u00dfzugang unterziehen. Wir h\u00f6ren ihnen aufmerksam zu und versuchen zu verstehen, was sie f\u00fchlen und erleben, um die besten L\u00f6sungen anbieten zu k\u00f6nnen.[\/vc_column_text][vc_empty_space][vc_empty_space][vc_column_text]<\/p>\n<h3>UNSERE KUNDEN SIND UNSERE PARTNER<\/h3>\n<p>[\/vc_column_text][vc_empty_space height=&#8220;15px&#8220;][vc_column_text]Unser Team ist in Krankenh\u00e4usern unterwegs und spricht mit Menschen, die t\u00e4glich mit Patienten arbeiten, Behandlungen durchf\u00fchren oder an innovativen L\u00f6sungen arbeiten.<\/p>\n<p>&nbsp;<\/p>\n<p>Diese Erfahrung setzen wir in unseren Produkten und in unserem Engagement f\u00fcr die Therapeutische Allianz um, die sich auf Pr\u00e4vention als Heilmittel konzentriert.[\/vc_column_text][\/vc_column][\/vc_row][vc_row css_animation=&#8220;&#8220; row_type=&#8220;row&#8220; use_row_as_full_screen_section=&#8220;no&#8220; type=&#8220;full_width&#8220; angled_section=&#8220;no&#8220; text_align=&#8220;left&#8220; background_image_as_pattern=&#8220;without_pattern&#8220;][vc_column][vc_empty_space height=&#8220;50px&#8220;][\/vc_column][\/vc_row][vc_row css_animation=&#8220;&#8220; row_type=&#8220;row&#8220; use_row_as_full_screen_section=&#8220;no&#8220; type=&#8220;full_width&#8220; angled_section=&#8220;no&#8220; text_align=&#8220;left&#8220; background_image_as_pattern=&#8220;without_pattern&#8220;][vc_column][vc_column_text]<\/p>\n<h1>WAS WIR TUN<\/h1>\n<p>&nbsp;<\/p>\n<p>Unser Portefeuille enth\u00e4lt \u00fcber 200 Medizinprodukte und Verbandstoffe f\u00fcr die Versorgung der Gef\u00e4\u00dfzug\u00e4nge.<\/p>\n<p>&nbsp;<\/p>\n<p>Von der Natur haben wir die Elemente \u00fcbernommen, die unser Streben nach Innovation kennzeichnen: Silber ist unser Erkennungszeichen.<br \/>\nIn unseren Produkten nutzen wir seine antibakteriellen Eigenschaften, um m\u00f6gliche Infektionen der zu sch\u00fctzenden Gef\u00e4\u00dfzug\u00e4nge zu reduzieren.<\/p>\n<p>&nbsp;<\/p>\n<p><a href=\"https:\/\/www.emodial.it\/medicazioni-avanzate\/\" target=\"_blank\" rel=\"noopener noreferrer\">Scopri tutti i prodotti di Emodial<\/a>[\/vc_column_text][vc_empty_space height=&#8220;50px&#8220;][\/vc_column][\/vc_row][vc_row css_animation=&#8220;&#8220; row_type=&#8220;row&#8220; use_row_as_full_screen_section=&#8220;no&#8220; type=&#8220;full_width&#8220; angled_section=&#8220;no&#8220; text_align=&#8220;left&#8220; background_image_as_pattern=&#8220;without_pattern&#8220;][vc_column width=&#8220;1\/2&#8243;][vc_column_text]<\/p>\n<h1>UNSERE GESCHICHTE<\/h1>\n<p>[\/vc_column_text][vc_column_text]Unsere Geschichte beginnt in Ferrara, in der N\u00e4he eines der gr\u00f6\u00dften biomedizinischen Gebiete Europas namens Mirandola.<\/p>\n<p>Im Laufe der Zeit haben wir ein Netz von Allianzen und Kooperationen aufgebaut, das sich inzwischen auf mehr als 30 L\u00e4nder in aller Welt erstreckt.<\/p>\n<p>Das Unternehmen ist so strukturiert, dass es mit den lokalen Gegebenheiten des Gesundheitswesens interagiert: Es bildet ein NETZWERK DES WERTES, das uns mit den wichtigsten Akteuren des Sektors und den Forschungszentren verbindet.[\/vc_column_text][vc_empty_space][vc_column_text]<\/p>\n<h1>EMODIAL HEUTE<\/h1>\n<p>[\/vc_column_text][vc_column_text]Eine moderne und weitsichtige Unternehmensf\u00fchrung ist die Verpflichtung, die unsere Eigent\u00fcmer angenommen haben.<\/p>\n<p>&nbsp;<\/p>\n<p>Ein arbeitswilliges und kompetentes Team ist die St\u00e4rke in diesem Bereich.[\/vc_column_text][\/vc_column][vc_column width=&#8220;1\/2&#8243;][vc_single_image image=&#8220;1554&#8243; img_size=&#8220;large&#8220; qode_css_animation=&#8220;&#8220;][\/vc_column][\/vc_row][vc_row css_animation=&#8220;&#8220; row_type=&#8220;row&#8220; use_row_as_full_screen_section=&#8220;no&#8220; type=&#8220;full_width&#8220; angled_section=&#8220;no&#8220; text_align=&#8220;left&#8220; background_image_as_pattern=&#8220;without_pattern&#8220;][vc_column][vc_empty_space height=&#8220;60px&#8220;][\/vc_column][\/vc_row]<\/p>\n","protected":false},"excerpt":{"rendered":"<p>[vc_row css_animation=&#8220;&#8220; row_type=&#8220;row&#8220; use_row_as_full_screen_section=&#8220;no&#8220; type=&#8220;full_width&#8220; angled_section=&#8220;no&#8220; text_align=&#8220;left&#8220; background_image_as_pattern=&#8220;without_pattern&#8220;][vc_column][vc_separator type=&#8220;normal&#8220; color=&#8220;#cb0914&#8243; thickness=&#8220;4&#8243; up=&#8220;0&#8243;][\/vc_column][\/vc_row][vc_row css_animation=&#8220;&#8220; row_type=&#8220;row&#8220; use_row_as_full_screen_section=&#8220;no&#8220; type=&#8220;grid&#8220; angled_section=&#8220;no&#8220; text_align=&#8220;left&#8220; background_image_as_pattern=&#8220;without_pattern&#8220; padding_top=&#8220;40&#8243; padding_bottom=&#8220;40&#8243; z_index=&#8220;&#8220;][vc_column][vc_column_text] \u00dcBER UNS &nbsp; Wir, EMODIAL SARL, sind ein internationales, wachsendes Unternehmen mit einem konkreten Ziel: Ein kollaboratives Modell des Gesundheitswesens f\u00fcr eine h\u00f6here Wertsch\u00f6pfung, Kosten- und Managementeffizienz aufzubauen, um die Arbeits- und Lebensqualit\u00e4t f\u00fcr uns alle zu verbessern.[\/vc_column_text][\/vc_column][\/vc_row][vc_row css_animation=&#8220;&#8220; row_type=&#8220;row&#8220; use_row_as_full_screen_section=&#8220;no&#8220; type=&#8220;full_width&#8220; angled_section=&#8220;no&#8220; text_align=&#8220;left&#8220; background_image_as_pattern=&#8220;without_pattern&#8220;][vc_column width=&#8220;1\/2&#8243;][vc_single_image image=&#8220;2262&#8243; img_size=&#8220;large&#8220; qode_css_animation=&#8220;&#8220;][\/vc_column][vc_column width=&#8220;1\/2&#8243;][vc_column_text] DIE DINGE MIT DEN AUGEN DER PATIENTEN SEHEN IHRE GESCHICHTEN ANH\u00d6REN IHRE GEF\u00dcHLE ERLEBEN [\/vc_column_text][vc_empty_space height=&#8220;15px&#8220;][vc_column_text]Unser Ausgangspunkt ist die unmittelbare Erfahrung der Patienten, die dialysiert werden oder sich&#8230;<\/p>\n","protected":false},"author":2,"featured_media":0,"parent":0,"menu_order":0,"comment_status":"closed","ping_status":"closed","template":"","meta":{"inline_featured_image":false},"aioseo_notices":[],"_links":{"self":[{"href":"https:\/\/www.emodial.it\/de\/wp-json\/wp\/v2\/pages\/2891"}],"collection":[{"href":"https:\/\/www.emodial.it\/de\/wp-json\/wp\/v2\/pages"}],"about":[{"href":"https:\/\/www.emodial.it\/de\/wp-json\/wp\/v2\/types\/page"}],"author":[{"embeddable":true,"href":"https:\/\/www.emodial.it\/de\/wp-json\/wp\/v2\/users\/2"}],"replies":[{"embeddable":true,"href":"https:\/\/www.emodial.it\/de\/wp-json\/wp\/v2\/comments?post=2891"}],"version-history":[{"count":2,"href":"https:\/\/www.emodial.it\/de\/wp-json\/wp\/v2\/pages\/2891\/revisions"}],"predecessor-version":[{"id":2894,"href":"https:\/\/www.emodial.it\/de\/wp-json\/wp\/v2\/pages\/2891\/revisions\/2894"}],"wp:attachment":[{"href":"https:\/\/www.emodial.it\/de\/wp-json\/wp\/v2\/media?parent=2891"}],"curies":[{"name":"wp","href":"https:\/\/api.w.org\/{rel}","templated":true}]}}